{"id":1434,"date":"2025-11-06T09:17:35","date_gmt":"2025-11-06T09:17:35","guid":{"rendered":"https:\/\/welovevent.com\/?page_id=1434"},"modified":"2025-11-06T09:49:47","modified_gmt":"2025-11-06T09:49:47","slug":"altalanos-szerzodesi-feltetelek","status":"publish","type":"page","link":"https:\/\/welovevent.com\/en\/altalanos-szerzodesi-feltetelek\/","title":{"rendered":"General Terms and Conditions"},"content":{"rendered":"\t\t<div data-elementor-type=\"wp-page\" data-elementor-id=\"1434\" class=\"elementor elementor-1434\" data-elementor-post-type=\"page\">\n\t\t\t\t\t\t<section class=\"elementor-section elementor-top-section elementor-element elementor-element-d577abc elementor-section-full_width elementor-section-height-default elementor-section-height-default\" data-id=\"d577abc\" data-element_type=\"section\" data-e-type=\"section\" data-settings=\"{&quot;background_background&quot;:&quot;classic&quot;}\">\n\t\t\t\t\t\t\t<div class=\"elementor-background-overlay\"><\/div>\n\t\t\t\t\t\t\t<div class=\"elementor-container elementor-column-gap-no\">\n\t\t\t\t\t<div class=\"elementor-column elementor-col-100 elementor-top-column elementor-element elementor-element-40bf835\" data-id=\"40bf835\" data-element_type=\"column\" data-e-type=\"column\">\n\t\t\t<div class=\"elementor-widget-wrap elementor-element-populated\">\n\t\t\t\t\t\t<section class=\"elementor-section elementor-inner-section elementor-element elementor-element-53e9cd8 elementor-section-height-min-height elementor-section-content-middle elementor-section-boxed elementor-section-height-default\" data-id=\"53e9cd8\" data-element_type=\"section\" data-e-type=\"section\" data-settings=\"{&quot;background_background&quot;:&quot;classic&quot;}\">\n\t\t\t\t\t\t\t<div class=\"elementor-background-overlay\"><\/div>\n\t\t\t\t\t\t\t<div class=\"elementor-container elementor-column-gap-default\">\n\t\t\t\t\t<div class=\"elementor-column elementor-col-100 elementor-inner-column elementor-element elementor-element-40d1fca\" data-id=\"40d1fca\" data-element_type=\"column\" data-e-type=\"column\">\n\t\t\t<div class=\"elementor-widget-wrap elementor-element-populated\">\n\t\t\t\t\t\t<div class=\"elementor-element elementor-element-0222d46 elementor-widget-divider--view-line elementor-widget elementor-widget-divider\" data-id=\"0222d46\" data-element_type=\"widget\" data-e-type=\"widget\" data-widget_type=\"divider.default\">\n\t\t\t\t<div class=\"elementor-widget-container\">\n\t\t\t\t\t\t\t<div class=\"elementor-divider\">\n\t\t\t<span class=\"elementor-divider-separator\">\n\t\t\t\t\t\t<\/span>\n\t\t<\/div>\n\t\t\t\t\t\t<\/div>\n\t\t\t\t<\/div>\n\t\t\t\t\t<\/div>\n\t\t<\/div>\n\t\t\t\t\t<\/div>\n\t\t<\/section>\n\t\t\t\t\t<\/div>\n\t\t<\/div>\n\t\t\t\t\t<\/div>\n\t\t<\/section>\n\t\t\t\t<section class=\"elementor-section elementor-top-section elementor-element elementor-element-2ab58aa elementor-section-boxed elementor-section-height-default elementor-section-height-default\" data-id=\"2ab58aa\" data-element_type=\"section\" data-e-type=\"section\" data-settings=\"{&quot;background_background&quot;:&quot;classic&quot;}\">\n\t\t\t\t\t\t\t<div class=\"elementor-background-overlay\"><\/div>\n\t\t\t\t\t\t\t<div class=\"elementor-container elementor-column-gap-default\">\n\t\t\t\t\t<div class=\"elementor-column elementor-col-100 elementor-top-column elementor-element elementor-element-730c804\" data-id=\"730c804\" data-element_type=\"column\" data-e-type=\"column\">\n\t\t\t<div class=\"elementor-widget-wrap elementor-element-populated\">\n\t\t\t\t\t\t<div class=\"elementor-element elementor-element-52a8b90 elementor-widget elementor-widget-spacer\" data-id=\"52a8b90\" data-element_type=\"widget\" data-e-type=\"widget\" data-widget_type=\"spacer.default\">\n\t\t\t\t<div class=\"elementor-widget-container\">\n\t\t\t\t\t\t\t<div class=\"elementor-spacer\">\n\t\t\t<div class=\"elementor-spacer-inner\"><\/div>\n\t\t<\/div>\n\t\t\t\t\t\t<\/div>\n\t\t\t\t<\/div>\n\t\t\t\t<div class=\"elementor-element elementor-element-5a493c5 elementor-widget elementor-widget-text-editor\" data-id=\"5a493c5\" data-element_type=\"widget\" data-e-type=\"widget\" data-widget_type=\"text-editor.default\">\n\t\t\t\t<div class=\"elementor-widget-container\">\n\t\t\t\t\t\t\t\t\t<p><b>Hat\u00e1lyos:<\/b><span style=\"font-weight: 400;\"> 2025.11.06.<\/span><\/p><h4><b>Szolg\u00e1ltat\u00f3 adatai:<\/b><\/h4><p><span style=\"font-weight: 400;\">C\u00e9gn\u00e9v: Zenit Project Management Bt.<\/span><span style=\"font-weight: 400;\"><br \/><\/span><span style=\"font-weight: 400;\"> Sz\u00e9khely: 1154 Budapest, B\u00e1nk\u00fat u. 23.<\/span><span style=\"font-weight: 400;\"><br \/><\/span><span style=\"font-weight: 400;\">Ad\u00f3sz\u00e1m: 26085038-2-42<\/span><span style=\"font-weight: 400;\"><br \/><\/span><span style=\"font-weight: 400;\"> E-mail: <a href=\"mailto:hello@welovevent.com\">hello@welovevent.com<\/a><\/span><span style=\"font-weight: 400;\"><br \/><\/span><span style=\"font-weight: 400;\"> Telefon: <a href=\"tel:+36704244389\">+36 70 424 43 89<\/a><\/span><span style=\"font-weight: 400;\"><br \/><\/span><span style=\"font-weight: 400;\"> Honlap: <a href=\"http:\/\/www.welovevent.hu\">www.welovevent.hu<\/a><\/span><\/p><h4><b>T\u00e1rhelyszolg\u00e1ltat\u00f3:<\/b><\/h4><p><span style=\"font-weight: 400;\">C\u00e9gn\u00e9v: DEVBOX Kft.<\/span><span style=\"font-weight: 400;\"><br \/><\/span><span style=\"font-weight: 400;\"> Sz\u00e9khely: 7054 Tengelic, R\u00e1k\u00f3czi Ferenc u. 9.<\/span><span style=\"font-weight: 400;\"><br \/><\/span><span style=\"font-weight: 400;\"> C\u00e9gjegyz\u00e9ksz\u00e1m: 17-09-010568<\/span><span style=\"font-weight: 400;\"><br \/><\/span><span style=\"font-weight: 400;\"> Ad\u00f3sz\u00e1m: 25170605-2-17<\/span><span style=\"font-weight: 400;\"><br \/><\/span><span style=\"font-weight: 400;\"> Nyilv\u00e1ntart\u00f3 hat\u00f3s\u00e1g: Szeksz\u00e1rdi T\u00f6rv\u00e9nysz\u00e9k C\u00e9gb\u00edr\u00f3s\u00e1ga<\/span><\/p><h3><b>1. Szolg\u00e1ltat\u00e1sok k\u00f6re<\/b><\/h3><p><span style=\"font-weight: 400;\">A [We Love Event Kft.] rendezv\u00e9nyek teljes k\u00f6r\u0171 szervez\u00e9s\u00e9vel, helysz\u00ednb\u00e9rl\u00e9ssel, incentive utakkal \u00e9s c\u00e9ges esem\u00e9nyek lebonyol\u00edt\u00e1s\u00e1val foglalkozik.<\/span><span style=\"font-weight: 400;\"><br \/><\/span><span style=\"font-weight: 400;\"> Szolg\u00e1ltat\u00e1sai k\u00f6z\u00e9 tartozik:<\/span><\/p><ul><li style=\"font-weight: 400;\" aria-level=\"1\"><span style=\"font-weight: 400;\">rendezv\u00e9nyek koncepci\u00f3j\u00e1nak kidolgoz\u00e1sa,<\/span><\/li><li style=\"font-weight: 400;\" aria-level=\"1\"><span style=\"font-weight: 400;\">helysz\u00ednkeres\u00e9s \u00e9s b\u00e9rbead\u00e1s,<\/span><\/li><li style=\"font-weight: 400;\" aria-level=\"1\"><span style=\"font-weight: 400;\">catering, technikai h\u00e1tt\u00e9r biztos\u00edt\u00e1sa,<\/span><\/li><li style=\"font-weight: 400;\" aria-level=\"1\"><span style=\"font-weight: 400;\">utaz\u00e1sszervez\u00e9s, programkoordin\u00e1l\u00e1s.<\/span><\/li><\/ul><p>\u00a0<\/p><h3><b>2. Szerz\u0151d\u00e9s megk\u00f6t\u00e9se<\/b><\/h3><p><span style=\"font-weight: 400;\">A megrendel\u00e9s e-mailben, telefonon vagy szem\u00e9lyes egyeztet\u00e9s ut\u00e1n t\u00f6rt\u00e9nik.<\/span><span style=\"font-weight: 400;\"><br \/><\/span><span style=\"font-weight: 400;\"> A megrendel\u00e9s akkor v\u00e1lik \u00e9rv\u00e9nyess\u00e9, ha azt a Szolg\u00e1ltat\u00f3 \u00edr\u00e1sban visszaigazolja.<\/span><\/p><p>\u00a0<\/p><h3><b>3. Fizet\u00e9si felt\u00e9telek<\/b><\/h3><p><span style=\"font-weight: 400;\">A fizet\u00e9s m\u00f3dja: banki \u00e1tutal\u00e1s vagy k\u00e9szp\u00e9nz.<\/span><span style=\"font-weight: 400;\"><br \/><\/span><span style=\"font-weight: 400;\"> A szolg\u00e1ltat\u00e1s d\u00edj\u00e1t a visszaigazol\u00e1sban r\u00f6gz\u00edtett hat\u00e1rid\u0151n bel\u00fcl kell teljes\u00edteni.<\/span><span style=\"font-weight: 400;\"><br \/><\/span><span style=\"font-weight: 400;\"> A Szolg\u00e1ltat\u00f3 el\u0151leget k\u00e9rhet a szerz\u0151d\u00e9s megk\u00f6t\u00e9sekor.<\/span><\/p><p>\u00a0<\/p><h3><b>4. Lemond\u00e1s, m\u00f3dos\u00edt\u00e1s<\/b><\/h3><p><span style=\"font-weight: 400;\">A rendezv\u00e9ny lemond\u00e1s\u00e1t \u00edr\u00e1sban kell k\u00f6z\u00f6lni.<\/span><\/p><ul><li style=\"font-weight: 400;\" aria-level=\"1\"><span style=\"font-weight: 400;\">30 napon bel\u00fcli lemond\u00e1s eset\u00e9n 50% k\u00f6tb\u00e9r,<\/span><\/li><li style=\"font-weight: 400;\" aria-level=\"1\"><span style=\"font-weight: 400;\">7 napon bel\u00fcli lemond\u00e1s eset\u00e9n 100% k\u00f6tb\u00e9r fizetend\u0151.<\/span><\/li><li aria-level=\"1\">\u00a0<\/li><\/ul><h3><b>5. Felel\u0151ss\u00e9g<\/b><\/h3><p><span style=\"font-weight: 400;\">A Szolg\u00e1ltat\u00f3 nem felel az olyan k\u00f6r\u00fclm\u00e9nyek\u00e9rt, amelyek vis maiornak min\u0151s\u00fclnek<\/span><span style=\"font-weight: 400;\"><br \/><\/span><span style=\"font-weight: 400;\"> (pl. id\u0151j\u00e1r\u00e1s, hat\u00f3s\u00e1gi tilt\u00e1s, j\u00e1rv\u00e1nyhelyzet).<\/span><\/p><p>\u00a0<\/p><h3><b>6. Panaszkezel\u00e9s<\/b><\/h3><p><span style=\"font-weight: 400;\">Panasz beny\u00fajthat\u00f3 az al\u00e1bbi el\u00e9rhet\u0151s\u00e9geken:<\/span><span style=\"font-weight: 400;\"><br \/><\/span><span style=\"font-weight: 400;\"> E-mail: <a href=\"mailto:hello@welovevent.com\">hello@welovevent.com<\/a><\/span><span style=\"font-weight: 400;\"><br \/><\/span><span style=\"font-weight: 400;\"> Postac\u00edm: 8096 Sukor\u00f3, Lank\u00e1s u. 14<\/span><span style=\"font-weight: 400;\"><br \/><\/span><span style=\"font-weight: 400;\"> A panaszokra a Szolg\u00e1ltat\u00f3 15 napon bel\u00fcl \u00edr\u00e1sban v\u00e1laszol.<\/span><\/p><p>\u00a0<\/p><h3><b>7. Egy\u00e9b rendelkez\u00e9sek<\/b><\/h3><p><span style=\"font-weight: 400;\">A jelen \u00c1SZF-re a magyar jog az ir\u00e1nyad\u00f3.<\/span><span style=\"font-weight: 400;\"><br \/><\/span><span style=\"font-weight: 400;\"> Jogvita eset\u00e9n a Szolg\u00e1ltat\u00f3 sz\u00e9khelye szerinti b\u00edr\u00f3s\u00e1g az illet\u00e9kes.<\/span><\/p>\t\t\t\t\t\t\t\t<\/div>\n\t\t\t\t<\/div>\n\t\t\t\t\t<\/div>\n\t\t<\/div>\n\t\t\t\t\t<\/div>\n\t\t<\/section>\n\t\t\t\t<\/div>\n\t\t","protected":false},"excerpt":{"rendered":"<p>Hat\u00e1lyos: 2025.11.06. Szolg\u00e1ltat\u00f3 adatai: C\u00e9gn\u00e9v: Zenit Project Management Bt. Sz\u00e9khely: 1154 Budapest, B\u00e1nk\u00fat u. 23.Ad\u00f3sz\u00e1m: 26085038-2-42 E-mail: hello@welovevent.com Telefon: +36 70 424 43 89 Honlap: www.welovevent.hu T\u00e1rhelyszolg\u00e1ltat\u00f3: C\u00e9gn\u00e9v: DEVBOX Kft. Sz\u00e9khely: 7054 Tengelic, R\u00e1k\u00f3czi Ferenc u. 9. C\u00e9gjegyz\u00e9ksz\u00e1m: 17-09-010568 Ad\u00f3sz\u00e1m: 25170605-2-17 Nyilv\u00e1ntart\u00f3 hat\u00f3s\u00e1g: Szeksz\u00e1rdi T\u00f6rv\u00e9nysz\u00e9k C\u00e9gb\u00edr\u00f3s\u00e1ga 1. Szolg\u00e1ltat\u00e1sok k\u00f6re A [We Love Event Kft.] rendezv\u00e9nyek&#8230;<\/p>\n","protected":false},"author":1,"featured_media":0,"parent":0,"menu_order":0,"comment_status":"closed","ping_status":"closed","template":"","meta":{"_acf_changed":false,"footnotes":""},"class_list":["post-1434","page","type-page","status-publish","hentry"],"acf":[],"yoast_head":"<!-- This site is optimized with the Yoast SEO Premium plugin v27.3 (Yoast SEO v27.3) - https:\/\/yoast.com\/product\/yoast-seo-premium-wordpress\/ -->\n<title>\u00c1ltal\u00e1nos szerz\u0151d\u00e9si felt\u00e9telek - welovevent.com<\/title>\n<meta name=\"robots\" content=\"index, follow, max-snippet:-1, max-image-preview:large, max-video-preview:-1\" \/>\n<link rel=\"canonical\" href=\"https:\/\/welovevent.com\/en\/altalanos-szerzodesi-feltetelek\/\" \/>\n<meta property=\"og:locale\" content=\"en_GB\" \/>\n<meta property=\"og:type\" content=\"article\" \/>\n<meta property=\"og:title\" content=\"\u00c1ltal\u00e1nos szerz\u0151d\u00e9si felt\u00e9telek\" \/>\n<meta property=\"og:description\" content=\"Hat\u00e1lyos: 2025.11.06. Szolg\u00e1ltat\u00f3 adatai: C\u00e9gn\u00e9v: Zenit Project Management Bt. Sz\u00e9khely: 1154 Budapest, B\u00e1nk\u00fat u. 23.Ad\u00f3sz\u00e1m: 26085038-2-42 E-mail: hello@welovevent.com Telefon: +36 70 424 43 89 Honlap: www.welovevent.hu T\u00e1rhelyszolg\u00e1ltat\u00f3: C\u00e9gn\u00e9v: DEVBOX Kft. Sz\u00e9khely: 7054 Tengelic, R\u00e1k\u00f3czi Ferenc u. 9. C\u00e9gjegyz\u00e9ksz\u00e1m: 17-09-010568 Ad\u00f3sz\u00e1m: 25170605-2-17 Nyilv\u00e1ntart\u00f3 hat\u00f3s\u00e1g: Szeksz\u00e1rdi T\u00f6rv\u00e9nysz\u00e9k C\u00e9gb\u00edr\u00f3s\u00e1ga 1. Szolg\u00e1ltat\u00e1sok k\u00f6re A [We Love Event Kft.] rendezv\u00e9nyek...\" \/>\n<meta property=\"og:url\" content=\"https:\/\/welovevent.com\/en\/altalanos-szerzodesi-feltetelek\/\" \/>\n<meta property=\"og:site_name\" content=\"welovevent.com\" \/>\n<meta property=\"article:modified_time\" content=\"2025-11-06T09:49:47+00:00\" \/>\n<meta name=\"twitter:card\" content=\"summary_large_image\" \/>\n<meta name=\"twitter:label1\" content=\"Estimated reading time\" \/>\n\t<meta name=\"twitter:data1\" content=\"2 minutes\" \/>\n<script type=\"application\/ld+json\" class=\"yoast-schema-graph\">{\"@context\":\"https:\\\/\\\/schema.org\",\"@graph\":[{\"@type\":\"WebPage\",\"@id\":\"https:\\\/\\\/welovevent.com\\\/altalanos-szerzodesi-feltetelek\\\/\",\"url\":\"https:\\\/\\\/welovevent.com\\\/altalanos-szerzodesi-feltetelek\\\/\",\"name\":\"\u00c1ltal\u00e1nos szerz\u0151d\u00e9si felt\u00e9telek - welovevent.com\",\"isPartOf\":{\"@id\":\"https:\\\/\\\/welovevent.com\\\/#website\"},\"datePublished\":\"2025-11-06T09:17:35+00:00\",\"dateModified\":\"2025-11-06T09:49:47+00:00\",\"breadcrumb\":{\"@id\":\"https:\\\/\\\/welovevent.com\\\/altalanos-szerzodesi-feltetelek\\\/#breadcrumb\"},\"inLanguage\":\"en-GB\",\"potentialAction\":[{\"@type\":\"ReadAction\",\"target\":[\"https:\\\/\\\/welovevent.com\\\/altalanos-szerzodesi-feltetelek\\\/\"]}]},{\"@type\":\"BreadcrumbList\",\"@id\":\"https:\\\/\\\/welovevent.com\\\/altalanos-szerzodesi-feltetelek\\\/#breadcrumb\",\"itemListElement\":[{\"@type\":\"ListItem\",\"position\":1,\"name\":\"Home\",\"item\":\"https:\\\/\\\/welovevent.com\\\/\"},{\"@type\":\"ListItem\",\"position\":2,\"name\":\"\u00c1ltal\u00e1nos szerz\u0151d\u00e9si felt\u00e9telek\"}]},{\"@type\":\"WebSite\",\"@id\":\"https:\\\/\\\/welovevent.com\\\/#website\",\"url\":\"https:\\\/\\\/welovevent.com\\\/\",\"name\":\"welovevent.com\",\"description\":\"\",\"publisher\":{\"@id\":\"https:\\\/\\\/welovevent.com\\\/#organization\"},\"potentialAction\":[{\"@type\":\"SearchAction\",\"target\":{\"@type\":\"EntryPoint\",\"urlTemplate\":\"https:\\\/\\\/welovevent.com\\\/?s={search_term_string}\"},\"query-input\":{\"@type\":\"PropertyValueSpecification\",\"valueRequired\":true,\"valueName\":\"search_term_string\"}}],\"inLanguage\":\"en-GB\"},{\"@type\":\"Organization\",\"@id\":\"https:\\\/\\\/welovevent.com\\\/#organization\",\"name\":\"welovevent.com\",\"url\":\"https:\\\/\\\/welovevent.com\\\/\",\"logo\":{\"@type\":\"ImageObject\",\"inLanguage\":\"en-GB\",\"@id\":\"https:\\\/\\\/welovevent.com\\\/#\\\/schema\\\/logo\\\/image\\\/\",\"url\":\"https:\\\/\\\/welovevent.com\\\/wp-content\\\/uploads\\\/2025\\\/09\\\/Welovevent-we-create-stories-2-e1762509679865.png\",\"contentUrl\":\"https:\\\/\\\/welovevent.com\\\/wp-content\\\/uploads\\\/2025\\\/09\\\/Welovevent-we-create-stories-2-e1762509679865.png\",\"width\":1000,\"height\":252,\"caption\":\"welovevent.com\"},\"image\":{\"@id\":\"https:\\\/\\\/welovevent.com\\\/#\\\/schema\\\/logo\\\/image\\\/\"}}]}<\/script>\n<!-- \/ Yoast SEO Premium plugin. -->","yoast_head_json":{"title":"\u00c1ltal\u00e1nos szerz\u0151d\u00e9si felt\u00e9telek - welovevent.com","robots":{"index":"index","follow":"follow","max-snippet":"max-snippet:-1","max-image-preview":"max-image-preview:large","max-video-preview":"max-video-preview:-1"},"canonical":"https:\/\/welovevent.com\/en\/altalanos-szerzodesi-feltetelek\/","og_locale":"en_GB","og_type":"article","og_title":"\u00c1ltal\u00e1nos szerz\u0151d\u00e9si felt\u00e9telek","og_description":"Hat\u00e1lyos: 2025.11.06. Szolg\u00e1ltat\u00f3 adatai: C\u00e9gn\u00e9v: Zenit Project Management Bt. Sz\u00e9khely: 1154 Budapest, B\u00e1nk\u00fat u. 23.Ad\u00f3sz\u00e1m: 26085038-2-42 E-mail: hello@welovevent.com Telefon: +36 70 424 43 89 Honlap: www.welovevent.hu T\u00e1rhelyszolg\u00e1ltat\u00f3: C\u00e9gn\u00e9v: DEVBOX Kft. Sz\u00e9khely: 7054 Tengelic, R\u00e1k\u00f3czi Ferenc u. 9. C\u00e9gjegyz\u00e9ksz\u00e1m: 17-09-010568 Ad\u00f3sz\u00e1m: 25170605-2-17 Nyilv\u00e1ntart\u00f3 hat\u00f3s\u00e1g: Szeksz\u00e1rdi T\u00f6rv\u00e9nysz\u00e9k C\u00e9gb\u00edr\u00f3s\u00e1ga 1. Szolg\u00e1ltat\u00e1sok k\u00f6re A [We Love Event Kft.] rendezv\u00e9nyek...","og_url":"https:\/\/welovevent.com\/en\/altalanos-szerzodesi-feltetelek\/","og_site_name":"welovevent.com","article_modified_time":"2025-11-06T09:49:47+00:00","twitter_card":"summary_large_image","twitter_misc":{"Estimated reading time":"2 minutes"},"schema":{"@context":"https:\/\/schema.org","@graph":[{"@type":"WebPage","@id":"https:\/\/welovevent.com\/altalanos-szerzodesi-feltetelek\/","url":"https:\/\/welovevent.com\/altalanos-szerzodesi-feltetelek\/","name":"\u00c1ltal\u00e1nos szerz\u0151d\u00e9si felt\u00e9telek - welovevent.com","isPartOf":{"@id":"https:\/\/welovevent.com\/#website"},"datePublished":"2025-11-06T09:17:35+00:00","dateModified":"2025-11-06T09:49:47+00:00","breadcrumb":{"@id":"https:\/\/welovevent.com\/altalanos-szerzodesi-feltetelek\/#breadcrumb"},"inLanguage":"en-GB","potentialAction":[{"@type":"ReadAction","target":["https:\/\/welovevent.com\/altalanos-szerzodesi-feltetelek\/"]}]},{"@type":"BreadcrumbList","@id":"https:\/\/welovevent.com\/altalanos-szerzodesi-feltetelek\/#breadcrumb","itemListElement":[{"@type":"ListItem","position":1,"name":"Home","item":"https:\/\/welovevent.com\/"},{"@type":"ListItem","position":2,"name":"\u00c1ltal\u00e1nos szerz\u0151d\u00e9si felt\u00e9telek"}]},{"@type":"WebSite","@id":"https:\/\/welovevent.com\/#website","url":"https:\/\/welovevent.com\/","name":"welovevent.com","description":"","publisher":{"@id":"https:\/\/welovevent.com\/#organization"},"potentialAction":[{"@type":"SearchAction","target":{"@type":"EntryPoint","urlTemplate":"https:\/\/welovevent.com\/?s={search_term_string}"},"query-input":{"@type":"PropertyValueSpecification","valueRequired":true,"valueName":"search_term_string"}}],"inLanguage":"en-GB"},{"@type":"Organization","@id":"https:\/\/welovevent.com\/#organization","name":"welovevent.com","url":"https:\/\/welovevent.com\/","logo":{"@type":"ImageObject","inLanguage":"en-GB","@id":"https:\/\/welovevent.com\/#\/schema\/logo\/image\/","url":"https:\/\/welovevent.com\/wp-content\/uploads\/2025\/09\/Welovevent-we-create-stories-2-e1762509679865.png","contentUrl":"https:\/\/welovevent.com\/wp-content\/uploads\/2025\/09\/Welovevent-we-create-stories-2-e1762509679865.png","width":1000,"height":252,"caption":"welovevent.com"},"image":{"@id":"https:\/\/welovevent.com\/#\/schema\/logo\/image\/"}}]}},"_links":{"self":[{"href":"https:\/\/welovevent.com\/en\/wp-json\/wp\/v2\/pages\/1434","targetHints":{"allow":["GET"]}}],"collection":[{"href":"https:\/\/welovevent.com\/en\/wp-json\/wp\/v2\/pages"}],"about":[{"href":"https:\/\/welovevent.com\/en\/wp-json\/wp\/v2\/types\/page"}],"author":[{"embeddable":true,"href":"https:\/\/welovevent.com\/en\/wp-json\/wp\/v2\/users\/1"}],"replies":[{"embeddable":true,"href":"https:\/\/welovevent.com\/en\/wp-json\/wp\/v2\/comments?post=1434"}],"version-history":[{"count":16,"href":"https:\/\/welovevent.com\/en\/wp-json\/wp\/v2\/pages\/1434\/revisions"}],"predecessor-version":[{"id":1486,"href":"https:\/\/welovevent.com\/en\/wp-json\/wp\/v2\/pages\/1434\/revisions\/1486"}],"wp:attachment":[{"href":"https:\/\/welovevent.com\/en\/wp-json\/wp\/v2\/media?parent=1434"}],"curies":[{"name":"wp","href":"https:\/\/api.w.org\/{rel}","templated":true}]}}