{"id":1438,"date":"2025-11-06T09:20:54","date_gmt":"2025-11-06T09:20:54","guid":{"rendered":"https:\/\/welovevent.com\/?page_id=1438"},"modified":"2025-11-06T09:28:54","modified_gmt":"2025-11-06T09:28:54","slug":"impresszum","status":"publish","type":"page","link":"https:\/\/welovevent.com\/en\/impresszum\/","title":{"rendered":"Imprint"},"content":{"rendered":"<div data-elementor-type=\"wp-page\" data-elementor-id=\"1438\" class=\"elementor elementor-1438\" data-elementor-post-type=\"page\">\n\t\t\t\t\t\t<section class=\"elementor-section elementor-top-section elementor-element elementor-element-e75d324 elementor-section-full_width elementor-section-height-default elementor-section-height-default\" data-id=\"e75d324\" data-element_type=\"section\" data-e-type=\"section\" data-settings=\"{&quot;background_background&quot;:&quot;classic&quot;}\">\n\t\t\t\t\t\t\t<div class=\"elementor-background-overlay\"><\/div>\n\t\t\t\t\t\t\t<div class=\"elementor-container elementor-column-gap-no\">\n\t\t\t\t\t<div class=\"elementor-column elementor-col-100 elementor-top-column elementor-element elementor-element-4fb7623\" data-id=\"4fb7623\" data-element_type=\"column\" data-e-type=\"column\">\n\t\t\t<div class=\"elementor-widget-wrap elementor-element-populated\">\n\t\t\t\t\t\t<section class=\"elementor-section elementor-inner-section elementor-element elementor-element-5bc505e elementor-section-height-min-height elementor-section-content-middle elementor-section-boxed elementor-section-height-default\" data-id=\"5bc505e\" data-element_type=\"section\" data-e-type=\"section\" data-settings=\"{&quot;background_background&quot;:&quot;classic&quot;}\">\n\t\t\t\t\t\t\t<div class=\"elementor-background-overlay\"><\/div>\n\t\t\t\t\t\t\t<div class=\"elementor-container elementor-column-gap-default\">\n\t\t\t\t\t<div class=\"elementor-column elementor-col-100 elementor-inner-column elementor-element elementor-element-eea333f\" data-id=\"eea333f\" data-element_type=\"column\" data-e-type=\"column\">\n\t\t\t<div class=\"elementor-widget-wrap elementor-element-populated\">\n\t\t\t\t\t\t<div class=\"elementor-element elementor-element-db6666c elementor-widget-divider--view-line elementor-widget elementor-widget-divider\" data-id=\"db6666c\" data-element_type=\"widget\" data-e-type=\"widget\" data-widget_type=\"divider.default\">\n\t\t\t\t<div class=\"elementor-widget-container\">\n\t\t\t\t\t\t\t<div class=\"elementor-divider\">\n\t\t\t<span class=\"elementor-divider-separator\">\n\t\t\t\t\t\t<\/span>\n\t\t<\/div>\n\t\t\t\t\t\t<\/div>\n\t\t\t\t<\/div>\n\t\t\t\t\t<\/div>\n\t\t<\/div>\n\t\t\t\t\t<\/div>\n\t\t<\/section>\n\t\t\t\t\t<\/div>\n\t\t<\/div>\n\t\t\t\t\t<\/div>\n\t\t<\/section>\n\t\t\t\t<section class=\"elementor-section elementor-top-section elementor-element elementor-element-0c61ed7 elementor-section-boxed elementor-section-height-default elementor-section-height-default\" data-id=\"0c61ed7\" data-element_type=\"section\" data-e-type=\"section\" data-settings=\"{&quot;background_background&quot;:&quot;classic&quot;}\">\n\t\t\t\t\t\t\t<div class=\"elementor-background-overlay\"><\/div>\n\t\t\t\t\t\t\t<div class=\"elementor-container elementor-column-gap-default\">\n\t\t\t\t\t<div class=\"elementor-column elementor-col-100 elementor-top-column elementor-element elementor-element-46130e4\" data-id=\"46130e4\" data-element_type=\"column\" data-e-type=\"column\">\n\t\t\t<div class=\"elementor-widget-wrap elementor-element-populated\">\n\t\t\t\t\t\t<div class=\"elementor-element elementor-element-6cfb204 elementor-widget elementor-widget-spacer\" data-id=\"6cfb204\" data-element_type=\"widget\" data-e-type=\"widget\" data-widget_type=\"spacer.default\">\n\t\t\t\t<div class=\"elementor-widget-container\">\n\t\t\t\t\t\t\t<div class=\"elementor-spacer\">\n\t\t\t<div class=\"elementor-spacer-inner\"><\/div>\n\t\t<\/div>\n\t\t\t\t\t\t<\/div>\n\t\t\t\t<\/div>\n\t\t\t\t<div class=\"elementor-element elementor-element-08149a4 elementor-widget elementor-widget-text-editor\" data-id=\"08149a4\" data-element_type=\"widget\" data-e-type=\"widget\" data-widget_type=\"text-editor.default\">\n\t\t\t\t<div class=\"elementor-widget-container\">\n\t\t\t\t\t\t\t\t\t<h5><b>Service provider details:<\/b><\/h5><p><span style=\"font-weight: 400;\">Company name: Zenit Project Management Bt.<\/span><span style=\"font-weight: 400;\"><br \/><\/span><span style=\"font-weight: 400;\"> Registered office: 1154 Budapest, B\u00e1nk\u00fat u. 23.<\/span><span style=\"font-weight: 400;\"><br \/><\/span><span style=\"font-weight: 400;\"> Tax number: 26085038-2-42<\/span><span style=\"font-weight: 400;\"><br \/><\/span><span style=\"font-weight: 400;\"> Company registration number: 01 06 792316<\/span><span style=\"font-weight: 400;\"><br \/><\/span><span style=\"font-weight: 400;\"> E-mail: <a href=\"mailto:hello@welovevent.com\">hello@welovevent.com<\/a><\/span><span style=\"font-weight: 400;\"><br \/><\/span><span style=\"font-weight: 400;\"> Telephone: <a href=\"tel:+36704244389\">+36 70 424 43 89<\/a><\/span><span style=\"font-weight: 400;\"><br \/><\/span><span style=\"font-weight: 400;\"> Website: <a href=\"https:\/\/www.welovevent.hu\">https:\/\/www.welovevent.hu<\/a><\/span><span style=\"font-weight: 400;\"><br \/><\/span><span style=\"font-weight: 400;\"> Representative: Gergely N\u00e9meth<\/span><\/p><h5>\u00a0<\/h5><h5><b>Shared space provider:<\/b><\/h5><p><span style=\"font-weight: 400;\">Company name: DEVBOX Kft.<\/span><span style=\"font-weight: 400;\"><br \/><\/span><span style=\"font-weight: 400;\"> Registered office: 7054 Tengelic, R\u00e1k\u00f3czi Ferenc u. 9.<\/span><span style=\"font-weight: 400;\"><br \/><\/span><span style=\"font-weight: 400;\"> Company registration number: 17-09-010568<\/span><span style=\"font-weight: 400;\"><br \/><\/span><span style=\"font-weight: 400;\"> Tax number: 25170605-2-17<\/span><span style=\"font-weight: 400;\"><br \/><\/span><span style=\"font-weight: 400;\"> Registering authority: the Company Court of Szeksz\u00e1rd General Court<\/span><\/p>\t\t\t\t\t\t\t\t<\/div>\n\t\t\t\t<\/div>\n\t\t\t\t\t<\/div>\n\t\t<\/div>\n\t\t\t\t\t<\/div>\n\t\t<\/section>\n\t\t\t\t<\/div>","protected":false},"excerpt":{"rendered":"<p>Szolg\u00e1ltat\u00f3 adatai: C\u00e9gn\u00e9v: Zenit Project Management Bt. Sz\u00e9khely: 1154 Budapest, B\u00e1nk\u00fat u. 23. Ad\u00f3sz\u00e1m: 26085038-2-42 C\u00e9gjegyz\u00e9ksz\u00e1m: 01 06 792316 E-mail: hello@welovevent.com Telefon: +36 70 424 43 89 Weboldal: https:\/\/www.welovevent.hu K\u00e9pvisel\u0151: N\u00e9meth Gergely \u00a0 T\u00e1rhelyszolg\u00e1ltat\u00f3: C\u00e9gn\u00e9v: DEVBOX Kft. Sz\u00e9khely: 7054 Tengelic, R\u00e1k\u00f3czi Ferenc u. 9. C\u00e9gjegyz\u00e9ksz\u00e1m: 17-09-010568 Ad\u00f3sz\u00e1m: 25170605-2-17 Nyilv\u00e1ntart\u00f3 hat\u00f3s\u00e1g: Szeksz\u00e1rdi T\u00f6rv\u00e9nysz\u00e9k C\u00e9gb\u00edr\u00f3s\u00e1ga<\/p>","protected":false},"author":1,"featured_media":0,"parent":0,"menu_order":0,"comment_status":"closed","ping_status":"closed","template":"elementor_header_footer","meta":{"_acf_changed":false,"footnotes":""},"class_list":["post-1438","page","type-page","status-publish","hentry"],"acf":[],"yoast_head":"<!-- This site is optimized with the Yoast SEO Premium plugin v27.3 (Yoast SEO v27.3) - https:\/\/yoast.com\/product\/yoast-seo-premium-wordpress\/ -->\n<title>Impresszum - welovevent.com<\/title>\n<meta name=\"robots\" content=\"index, follow, max-snippet:-1, max-image-preview:large, max-video-preview:-1\" \/>\n<link rel=\"canonical\" href=\"https:\/\/welovevent.com\/en\/impresszum\/\" \/>\n<meta property=\"og:locale\" content=\"en_GB\" \/>\n<meta property=\"og:type\" content=\"article\" \/>\n<meta property=\"og:title\" content=\"Impresszum\" \/>\n<meta property=\"og:description\" content=\"Szolg\u00e1ltat\u00f3 adatai: C\u00e9gn\u00e9v: Zenit Project Management Bt. Sz\u00e9khely: 1154 Budapest, B\u00e1nk\u00fat u. 23. Ad\u00f3sz\u00e1m: 26085038-2-42 C\u00e9gjegyz\u00e9ksz\u00e1m: 01 06 792316 E-mail: hello@welovevent.com Telefon: +36 70 424 43 89 Weboldal: https:\/\/www.welovevent.hu K\u00e9pvisel\u0151: N\u00e9meth Gergely \u00a0 T\u00e1rhelyszolg\u00e1ltat\u00f3: C\u00e9gn\u00e9v: DEVBOX Kft. Sz\u00e9khely: 7054 Tengelic, R\u00e1k\u00f3czi Ferenc u. 9. C\u00e9gjegyz\u00e9ksz\u00e1m: 17-09-010568 Ad\u00f3sz\u00e1m: 25170605-2-17 Nyilv\u00e1ntart\u00f3 hat\u00f3s\u00e1g: Szeksz\u00e1rdi T\u00f6rv\u00e9nysz\u00e9k C\u00e9gb\u00edr\u00f3s\u00e1ga\" \/>\n<meta property=\"og:url\" content=\"https:\/\/welovevent.com\/en\/impresszum\/\" \/>\n<meta property=\"og:site_name\" content=\"welovevent.com\" \/>\n<meta property=\"article:modified_time\" content=\"2025-11-06T09:28:54+00:00\" \/>\n<meta name=\"twitter:card\" content=\"summary_large_image\" \/>\n<meta name=\"twitter:label1\" content=\"Estimated reading time\" \/>\n\t<meta name=\"twitter:data1\" content=\"1 minute\" \/>\n<script type=\"application\/ld+json\" class=\"yoast-schema-graph\">{\"@context\":\"https:\\\/\\\/schema.org\",\"@graph\":[{\"@type\":\"WebPage\",\"@id\":\"https:\\\/\\\/welovevent.com\\\/impresszum\\\/\",\"url\":\"https:\\\/\\\/welovevent.com\\\/impresszum\\\/\",\"name\":\"Impresszum - welovevent.com\",\"isPartOf\":{\"@id\":\"https:\\\/\\\/welovevent.com\\\/#website\"},\"datePublished\":\"2025-11-06T09:20:54+00:00\",\"dateModified\":\"2025-11-06T09:28:54+00:00\",\"breadcrumb\":{\"@id\":\"https:\\\/\\\/welovevent.com\\\/impresszum\\\/#breadcrumb\"},\"inLanguage\":\"en-GB\",\"potentialAction\":[{\"@type\":\"ReadAction\",\"target\":[\"https:\\\/\\\/welovevent.com\\\/impresszum\\\/\"]}]},{\"@type\":\"BreadcrumbList\",\"@id\":\"https:\\\/\\\/welovevent.com\\\/impresszum\\\/#breadcrumb\",\"itemListElement\":[{\"@type\":\"ListItem\",\"position\":1,\"name\":\"Home\",\"item\":\"https:\\\/\\\/welovevent.com\\\/\"},{\"@type\":\"ListItem\",\"position\":2,\"name\":\"Impresszum\"}]},{\"@type\":\"WebSite\",\"@id\":\"https:\\\/\\\/welovevent.com\\\/#website\",\"url\":\"https:\\\/\\\/welovevent.com\\\/\",\"name\":\"welovevent.com\",\"description\":\"\",\"publisher\":{\"@id\":\"https:\\\/\\\/welovevent.com\\\/#organization\"},\"potentialAction\":[{\"@type\":\"SearchAction\",\"target\":{\"@type\":\"EntryPoint\",\"urlTemplate\":\"https:\\\/\\\/welovevent.com\\\/?s={search_term_string}\"},\"query-input\":{\"@type\":\"PropertyValueSpecification\",\"valueRequired\":true,\"valueName\":\"search_term_string\"}}],\"inLanguage\":\"en-GB\"},{\"@type\":\"Organization\",\"@id\":\"https:\\\/\\\/welovevent.com\\\/#organization\",\"name\":\"welovevent.com\",\"url\":\"https:\\\/\\\/welovevent.com\\\/\",\"logo\":{\"@type\":\"ImageObject\",\"inLanguage\":\"en-GB\",\"@id\":\"https:\\\/\\\/welovevent.com\\\/#\\\/schema\\\/logo\\\/image\\\/\",\"url\":\"https:\\\/\\\/welovevent.com\\\/wp-content\\\/uploads\\\/2025\\\/09\\\/Welovevent-we-create-stories-2-e1762509679865.png\",\"contentUrl\":\"https:\\\/\\\/welovevent.com\\\/wp-content\\\/uploads\\\/2025\\\/09\\\/Welovevent-we-create-stories-2-e1762509679865.png\",\"width\":1000,\"height\":252,\"caption\":\"welovevent.com\"},\"image\":{\"@id\":\"https:\\\/\\\/welovevent.com\\\/#\\\/schema\\\/logo\\\/image\\\/\"}}]}<\/script>\n<!-- \/ Yoast SEO Premium plugin. -->","yoast_head_json":{"title":"Impresszum - welovevent.com","robots":{"index":"index","follow":"follow","max-snippet":"max-snippet:-1","max-image-preview":"max-image-preview:large","max-video-preview":"max-video-preview:-1"},"canonical":"https:\/\/welovevent.com\/en\/impresszum\/","og_locale":"en_GB","og_type":"article","og_title":"Impresszum","og_description":"Szolg\u00e1ltat\u00f3 adatai: C\u00e9gn\u00e9v: Zenit Project Management Bt. Sz\u00e9khely: 1154 Budapest, B\u00e1nk\u00fat u. 23. Ad\u00f3sz\u00e1m: 26085038-2-42 C\u00e9gjegyz\u00e9ksz\u00e1m: 01 06 792316 E-mail: hello@welovevent.com Telefon: +36 70 424 43 89 Weboldal: https:\/\/www.welovevent.hu K\u00e9pvisel\u0151: N\u00e9meth Gergely \u00a0 T\u00e1rhelyszolg\u00e1ltat\u00f3: C\u00e9gn\u00e9v: DEVBOX Kft. Sz\u00e9khely: 7054 Tengelic, R\u00e1k\u00f3czi Ferenc u. 9. C\u00e9gjegyz\u00e9ksz\u00e1m: 17-09-010568 Ad\u00f3sz\u00e1m: 25170605-2-17 Nyilv\u00e1ntart\u00f3 hat\u00f3s\u00e1g: Szeksz\u00e1rdi T\u00f6rv\u00e9nysz\u00e9k C\u00e9gb\u00edr\u00f3s\u00e1ga","og_url":"https:\/\/welovevent.com\/en\/impresszum\/","og_site_name":"welovevent.com","article_modified_time":"2025-11-06T09:28:54+00:00","twitter_card":"summary_large_image","twitter_misc":{"Estimated reading time":"1 minute"},"schema":{"@context":"https:\/\/schema.org","@graph":[{"@type":"WebPage","@id":"https:\/\/welovevent.com\/impresszum\/","url":"https:\/\/welovevent.com\/impresszum\/","name":"Impresszum - welovevent.com","isPartOf":{"@id":"https:\/\/welovevent.com\/#website"},"datePublished":"2025-11-06T09:20:54+00:00","dateModified":"2025-11-06T09:28:54+00:00","breadcrumb":{"@id":"https:\/\/welovevent.com\/impresszum\/#breadcrumb"},"inLanguage":"en-GB","potentialAction":[{"@type":"ReadAction","target":["https:\/\/welovevent.com\/impresszum\/"]}]},{"@type":"BreadcrumbList","@id":"https:\/\/welovevent.com\/impresszum\/#breadcrumb","itemListElement":[{"@type":"ListItem","position":1,"name":"Home","item":"https:\/\/welovevent.com\/"},{"@type":"ListItem","position":2,"name":"Impresszum"}]},{"@type":"WebSite","@id":"https:\/\/welovevent.com\/#website","url":"https:\/\/welovevent.com\/","name":"welovevent.com","description":"","publisher":{"@id":"https:\/\/welovevent.com\/#organization"},"potentialAction":[{"@type":"SearchAction","target":{"@type":"EntryPoint","urlTemplate":"https:\/\/welovevent.com\/?s={search_term_string}"},"query-input":{"@type":"PropertyValueSpecification","valueRequired":true,"valueName":"search_term_string"}}],"inLanguage":"en-GB"},{"@type":"Organization","@id":"https:\/\/welovevent.com\/#organization","name":"welovevent.com","url":"https:\/\/welovevent.com\/","logo":{"@type":"ImageObject","inLanguage":"en-GB","@id":"https:\/\/welovevent.com\/#\/schema\/logo\/image\/","url":"https:\/\/welovevent.com\/wp-content\/uploads\/2025\/09\/Welovevent-we-create-stories-2-e1762509679865.png","contentUrl":"https:\/\/welovevent.com\/wp-content\/uploads\/2025\/09\/Welovevent-we-create-stories-2-e1762509679865.png","width":1000,"height":252,"caption":"welovevent.com"},"image":{"@id":"https:\/\/welovevent.com\/#\/schema\/logo\/image\/"}}]}},"_links":{"self":[{"href":"https:\/\/welovevent.com\/en\/wp-json\/wp\/v2\/pages\/1438","targetHints":{"allow":["GET"]}}],"collection":[{"href":"https:\/\/welovevent.com\/en\/wp-json\/wp\/v2\/pages"}],"about":[{"href":"https:\/\/welovevent.com\/en\/wp-json\/wp\/v2\/types\/page"}],"author":[{"embeddable":true,"href":"https:\/\/welovevent.com\/en\/wp-json\/wp\/v2\/users\/1"}],"replies":[{"embeddable":true,"href":"https:\/\/welovevent.com\/en\/wp-json\/wp\/v2\/comments?post=1438"}],"version-history":[{"count":13,"href":"https:\/\/welovevent.com\/en\/wp-json\/wp\/v2\/pages\/1438\/revisions"}],"predecessor-version":[{"id":1463,"href":"https:\/\/welovevent.com\/en\/wp-json\/wp\/v2\/pages\/1438\/revisions\/1463"}],"wp:attachment":[{"href":"https:\/\/welovevent.com\/en\/wp-json\/wp\/v2\/media?parent=1438"}],"curies":[{"name":"wp","href":"https:\/\/api.w.org\/{rel}","templated":true}]}}