{"id":3,"date":"2025-03-19T16:22:00","date_gmt":"2025-03-19T16:22:00","guid":{"rendered":"https:\/\/welovevent.com\/?page_id=3"},"modified":"2025-11-06T09:47:54","modified_gmt":"2025-11-06T09:47:54","slug":"adatvedelmi-iranyelvek","status":"publish","type":"page","link":"https:\/\/welovevent.com\/en\/adatvedelmi-iranyelvek\/","title":{"rendered":"Privacy policy"},"content":{"rendered":"<div data-elementor-type=\"wp-page\" data-elementor-id=\"3\" class=\"elementor elementor-3\" data-elementor-post-type=\"page\">\n\t\t\t\t\t\t<section class=\"elementor-section elementor-top-section elementor-element elementor-element-2a54be3 elementor-section-full_width elementor-section-height-default elementor-section-height-default\" data-id=\"2a54be3\" data-element_type=\"section\" data-e-type=\"section\" data-settings=\"{&quot;background_background&quot;:&quot;classic&quot;}\">\n\t\t\t\t\t\t\t<div class=\"elementor-background-overlay\"><\/div>\n\t\t\t\t\t\t\t<div class=\"elementor-container elementor-column-gap-no\">\n\t\t\t\t\t<div class=\"elementor-column elementor-col-100 elementor-top-column elementor-element elementor-element-9522441\" data-id=\"9522441\" data-element_type=\"column\" data-e-type=\"column\">\n\t\t\t<div class=\"elementor-widget-wrap elementor-element-populated\">\n\t\t\t\t\t\t<section class=\"elementor-section elementor-inner-section elementor-element elementor-element-f432de9 elementor-section-height-min-height elementor-section-content-middle elementor-section-boxed elementor-section-height-default\" data-id=\"f432de9\" data-element_type=\"section\" data-e-type=\"section\" data-settings=\"{&quot;background_background&quot;:&quot;classic&quot;}\">\n\t\t\t\t\t\t\t<div class=\"elementor-background-overlay\"><\/div>\n\t\t\t\t\t\t\t<div class=\"elementor-container elementor-column-gap-default\">\n\t\t\t\t\t<div class=\"elementor-column elementor-col-100 elementor-inner-column elementor-element elementor-element-08b972d\" data-id=\"08b972d\" data-element_type=\"column\" data-e-type=\"column\">\n\t\t\t<div class=\"elementor-widget-wrap elementor-element-populated\">\n\t\t\t\t\t\t<div class=\"elementor-element elementor-element-94ad63d elementor-widget-divider--view-line elementor-widget elementor-widget-divider\" data-id=\"94ad63d\" data-element_type=\"widget\" data-e-type=\"widget\" data-widget_type=\"divider.default\">\n\t\t\t\t<div class=\"elementor-widget-container\">\n\t\t\t\t\t\t\t<div class=\"elementor-divider\">\n\t\t\t<span class=\"elementor-divider-separator\">\n\t\t\t\t\t\t<\/span>\n\t\t<\/div>\n\t\t\t\t\t\t<\/div>\n\t\t\t\t<\/div>\n\t\t\t\t\t<\/div>\n\t\t<\/div>\n\t\t\t\t\t<\/div>\n\t\t<\/section>\n\t\t\t\t\t<\/div>\n\t\t<\/div>\n\t\t\t\t\t<\/div>\n\t\t<\/section>\n\t\t\t\t<section class=\"elementor-section elementor-top-section elementor-element elementor-element-8750ebb elementor-section-boxed elementor-section-height-default elementor-section-height-default\" data-id=\"8750ebb\" data-element_type=\"section\" data-e-type=\"section\" data-settings=\"{&quot;background_background&quot;:&quot;classic&quot;}\">\n\t\t\t\t\t\t\t<div class=\"elementor-background-overlay\"><\/div>\n\t\t\t\t\t\t\t<div class=\"elementor-container elementor-column-gap-default\">\n\t\t\t\t\t<div class=\"elementor-column elementor-col-100 elementor-top-column elementor-element elementor-element-90b3892\" data-id=\"90b3892\" data-element_type=\"column\" data-e-type=\"column\">\n\t\t\t<div class=\"elementor-widget-wrap elementor-element-populated\">\n\t\t\t\t\t\t<div class=\"elementor-element elementor-element-23178e6 elementor-widget elementor-widget-spacer\" data-id=\"23178e6\" data-element_type=\"widget\" data-e-type=\"widget\" data-widget_type=\"spacer.default\">\n\t\t\t\t<div class=\"elementor-widget-container\">\n\t\t\t\t\t\t\t<div class=\"elementor-spacer\">\n\t\t\t<div class=\"elementor-spacer-inner\"><\/div>\n\t\t<\/div>\n\t\t\t\t\t\t<\/div>\n\t\t\t\t<\/div>\n\t\t\t\t<div class=\"elementor-element elementor-element-d79fdec elementor-widget elementor-widget-text-editor\" data-id=\"d79fdec\" data-element_type=\"widget\" data-e-type=\"widget\" data-widget_type=\"text-editor.default\">\n\t\t\t\t<div class=\"elementor-widget-container\">\n\t\t\t\t\t\t\t\t\t<p><b>Applicable:<\/b><span style=\"font-weight: 400;\"> 2025.10.30<\/span><\/p>\n<p><b>Data Controller:<\/b><b><br \/><\/b><span style=\"font-weight: 400;\"> Company name: Zenit Project Management Bt.<\/span><span style=\"font-weight: 400;\"><br \/><\/span><span style=\"font-weight: 400;\"> Registered office: 1154 Budapest, B\u00e1nk\u00fat u. 23.<\/span><span style=\"font-weight: 400;\"><br \/><\/span><span style=\"font-weight: 400;\"> E-mail: <a href=\"mailto:hello@welovevent.com\">hello@welovevent.com<\/a><\/span><span style=\"font-weight: 400;\"><br \/><\/span><span style=\"font-weight: 400;\"> Telephone: <a href=\"tel:+36704244389\">+36 70 424 43 89<\/a><\/span><\/p>\n<p>\u00a0<\/p>\n<h3><b>1. Purpose of data processing<\/b><\/h3>\n<ul>\n<li style=\"font-weight: 400;\" aria-level=\"1\"><span style=\"font-weight: 400;\">contacting and making an offer,<\/span><span style=\"font-weight: 400;\"><br \/><br \/><\/span><\/li>\n<li style=\"font-weight: 400;\" aria-level=\"1\"><span style=\"font-weight: 400;\">conclusion and performance of contracts,<\/span><span style=\"font-weight: 400;\"><br \/><br \/><\/span><\/li>\n<li style=\"font-weight: 400;\" aria-level=\"1\"><span style=\"font-weight: 400;\">event management administration,<\/span><span style=\"font-weight: 400;\"><br \/><br \/><\/span><\/li>\n<li style=\"font-weight: 400;\" aria-level=\"1\"><span style=\"font-weight: 400;\">sending newsletters (with consent).<\/span><span style=\"font-weight: 400;\"><br \/><br \/><\/span><\/li>\n<\/ul>\n<h3><b>2. Scope of data processed<\/b><\/h3>\n<p><span style=\"font-weight: 400;\">Name, email address, phone number, company name, billing information and event information.<\/span><\/p>\n<p>\u00a0<\/p>\n<h3><b>3. Legal basis for processing<\/b><\/h3>\n<ul>\n<li style=\"font-weight: 400;\" aria-level=\"1\"><span style=\"font-weight: 400;\">performance of a contract (Article 6(1)(b) GDPR),<\/span><span style=\"font-weight: 400;\"><br \/><br \/><\/span><\/li>\n<li style=\"font-weight: 400;\" aria-level=\"1\"><span style=\"font-weight: 400;\">fulfil a legal obligation (invoicing),<\/span><span style=\"font-weight: 400;\"><br \/><br \/><\/span><\/li>\n<li style=\"font-weight: 400;\" aria-level=\"1\"><span style=\"font-weight: 400;\">consent (marketing, newsletter).<\/span><span style=\"font-weight: 400;\"><br \/><br \/><\/span><\/li>\n<\/ul>\n<h3><b>4. Data transmission<\/b><\/h3>\n<p><span style=\"font-weight: 400;\">The data may only be transmitted to subcontractors engaged by the Service Provider (e.g. venue security, catering, technician).<\/span><\/p>\n<p>\u00a0<\/p>\n<h3><b>5. Data retention<\/b><\/h3>\n<p><span style=\"font-weight: 400;\">We will keep your personal data for the period required by law, but not longer than 8 years.<\/span><\/p>\n<p>\u00a0<\/p>\n<h3><b>6. Rights of data subjects<\/b><\/h3>\n<p><span style=\"font-weight: 400;\">The customer can request:<\/span><\/p>\n<ul>\n<li style=\"font-weight: 400;\" aria-level=\"1\"><span style=\"font-weight: 400;\">access to your data,<\/span><span style=\"font-weight: 400;\"><br \/><br \/><\/span><\/li>\n<li style=\"font-weight: 400;\" aria-level=\"1\"><span style=\"font-weight: 400;\">correction or deletion,<\/span><span style=\"font-weight: 400;\"><br \/><br \/><\/span><\/li>\n<li style=\"font-weight: 400;\" aria-level=\"1\"><span style=\"font-weight: 400;\">the restriction of processing,<\/span><span style=\"font-weight: 400;\"><br \/><br \/><\/span><\/li>\n<li style=\"font-weight: 400;\" aria-level=\"1\"><span style=\"font-weight: 400;\">data storage,<\/span><span style=\"font-weight: 400;\"><br \/><br \/><\/span><\/li>\n<li style=\"font-weight: 400;\" aria-level=\"1\"><span style=\"font-weight: 400;\">to lodge a complaint with the NAIH.<\/span><span style=\"font-weight: 400;\"><br \/><br \/><\/span><\/li>\n<\/ul>\n<h3><b>7. Contact for data protection<\/b><\/h3>\n<p><span style=\"font-weight: 400;\">E-mail: <a href=\"mailto:hello@welovevent.com\">hello@welovevent.com<\/a><\/span><span style=\"font-weight: 400;\"><br \/><\/span><span style=\"font-weight: 400;\"> National Authority for Data Protection and Freedom of Information<\/span><span style=\"font-weight: 400;\"><br \/><\/span><span style=\"font-weight: 400;\"> (<a href=\"http:\/\/www.naih.hu\">www.naih.hu<\/a>)<\/span><\/p>\t\t\t\t\t\t\t\t<\/div>\n\t\t\t\t<\/div>\n\t\t\t\t\t<\/div>\n\t\t<\/div>\n\t\t\t\t\t<\/div>\n\t\t<\/section>\n\t\t\t\t<\/div>","protected":false},"excerpt":{"rendered":"<p>Hat\u00e1lyos: 2025.10.30 Adatkezel\u0151: C\u00e9gn\u00e9v: Zenit Project Management Bt. Sz\u00e9khely: 1154 Budapest, B\u00e1nk\u00fat u. 23. E-mail: hello@welovevent.com Telefon: +36 70 424 43 89 \u00a0 1. Az adatkezel\u00e9s c\u00e9lja kapcsolatfelv\u00e9tel \u00e9s aj\u00e1nlatad\u00e1s, szerz\u0151d\u00e9sk\u00f6t\u00e9s \u00e9s teljes\u00edt\u00e9s, rendezv\u00e9nyszervez\u00e9si adminisztr\u00e1ci\u00f3, h\u00edrlev\u00e9lk\u00fcld\u00e9s (hozz\u00e1j\u00e1rul\u00e1s eset\u00e9n). 2. Kezelt adatok k\u00f6re N\u00e9v, e-mail c\u00edm, telefonsz\u00e1m, c\u00e9gn\u00e9v, sz\u00e1ml\u00e1z\u00e1si adatok, valamint az esem\u00e9nyre vonatkoz\u00f3 inform\u00e1ci\u00f3k. \u00a0&#8230;<\/p>","protected":false},"author":1,"featured_media":0,"parent":0,"menu_order":0,"comment_status":"closed","ping_status":"open","template":"elementor_header_footer","meta":{"_acf_changed":false,"footnotes":""},"class_list":["post-3","page","type-page","status-publish","hentry"],"acf":[],"yoast_head":"<!-- This site is optimized with the Yoast SEO Premium plugin v27.3 (Yoast SEO v27.3) - https:\/\/yoast.com\/product\/yoast-seo-premium-wordpress\/ -->\n<title>Adatv\u00e9delmi ir\u00e1nyelvek - welovevent.com<\/title>\n<meta name=\"robots\" content=\"index, follow, max-snippet:-1, max-image-preview:large, max-video-preview:-1\" \/>\n<link rel=\"canonical\" href=\"https:\/\/welovevent.com\/en\/adatvedelmi-iranyelvek\/\" \/>\n<meta property=\"og:locale\" content=\"en_GB\" \/>\n<meta property=\"og:type\" content=\"article\" \/>\n<meta property=\"og:title\" content=\"Adatv\u00e9delmi ir\u00e1nyelvek\" \/>\n<meta property=\"og:description\" content=\"Hat\u00e1lyos: 2025.10.30 Adatkezel\u0151: C\u00e9gn\u00e9v: Zenit Project Management Bt. Sz\u00e9khely: 1154 Budapest, B\u00e1nk\u00fat u. 23. E-mail: hello@welovevent.com Telefon: +36 70 424 43 89 \u00a0 1. Az adatkezel\u00e9s c\u00e9lja kapcsolatfelv\u00e9tel \u00e9s aj\u00e1nlatad\u00e1s, szerz\u0151d\u00e9sk\u00f6t\u00e9s \u00e9s teljes\u00edt\u00e9s, rendezv\u00e9nyszervez\u00e9si adminisztr\u00e1ci\u00f3, h\u00edrlev\u00e9lk\u00fcld\u00e9s (hozz\u00e1j\u00e1rul\u00e1s eset\u00e9n). 2. Kezelt adatok k\u00f6re N\u00e9v, e-mail c\u00edm, telefonsz\u00e1m, c\u00e9gn\u00e9v, sz\u00e1ml\u00e1z\u00e1si adatok, valamint az esem\u00e9nyre vonatkoz\u00f3 inform\u00e1ci\u00f3k. \u00a0...\" \/>\n<meta property=\"og:url\" content=\"https:\/\/welovevent.com\/en\/adatvedelmi-iranyelvek\/\" \/>\n<meta property=\"og:site_name\" content=\"welovevent.com\" \/>\n<meta property=\"article:modified_time\" content=\"2025-11-06T09:47:54+00:00\" \/>\n<meta name=\"twitter:card\" content=\"summary_large_image\" \/>\n<meta name=\"twitter:label1\" content=\"Estimated reading time\" \/>\n\t<meta name=\"twitter:data1\" content=\"1 minute\" \/>\n<script type=\"application\/ld+json\" class=\"yoast-schema-graph\">{\"@context\":\"https:\\\/\\\/schema.org\",\"@graph\":[{\"@type\":\"WebPage\",\"@id\":\"https:\\\/\\\/welovevent.com\\\/adatvedelmi-iranyelvek\\\/\",\"url\":\"https:\\\/\\\/welovevent.com\\\/adatvedelmi-iranyelvek\\\/\",\"name\":\"Adatv\u00e9delmi ir\u00e1nyelvek - welovevent.com\",\"isPartOf\":{\"@id\":\"https:\\\/\\\/welovevent.com\\\/#website\"},\"datePublished\":\"2025-03-19T16:22:00+00:00\",\"dateModified\":\"2025-11-06T09:47:54+00:00\",\"breadcrumb\":{\"@id\":\"https:\\\/\\\/welovevent.com\\\/adatvedelmi-iranyelvek\\\/#breadcrumb\"},\"inLanguage\":\"en-GB\",\"potentialAction\":[{\"@type\":\"ReadAction\",\"target\":[\"https:\\\/\\\/welovevent.com\\\/adatvedelmi-iranyelvek\\\/\"]}]},{\"@type\":\"BreadcrumbList\",\"@id\":\"https:\\\/\\\/welovevent.com\\\/adatvedelmi-iranyelvek\\\/#breadcrumb\",\"itemListElement\":[{\"@type\":\"ListItem\",\"position\":1,\"name\":\"Home\",\"item\":\"https:\\\/\\\/welovevent.com\\\/\"},{\"@type\":\"ListItem\",\"position\":2,\"name\":\"Adatv\u00e9delmi ir\u00e1nyelvek\"}]},{\"@type\":\"WebSite\",\"@id\":\"https:\\\/\\\/welovevent.com\\\/#website\",\"url\":\"https:\\\/\\\/welovevent.com\\\/\",\"name\":\"welovevent.com\",\"description\":\"\",\"publisher\":{\"@id\":\"https:\\\/\\\/welovevent.com\\\/#organization\"},\"potentialAction\":[{\"@type\":\"SearchAction\",\"target\":{\"@type\":\"EntryPoint\",\"urlTemplate\":\"https:\\\/\\\/welovevent.com\\\/?s={search_term_string}\"},\"query-input\":{\"@type\":\"PropertyValueSpecification\",\"valueRequired\":true,\"valueName\":\"search_term_string\"}}],\"inLanguage\":\"en-GB\"},{\"@type\":\"Organization\",\"@id\":\"https:\\\/\\\/welovevent.com\\\/#organization\",\"name\":\"welovevent.com\",\"url\":\"https:\\\/\\\/welovevent.com\\\/\",\"logo\":{\"@type\":\"ImageObject\",\"inLanguage\":\"en-GB\",\"@id\":\"https:\\\/\\\/welovevent.com\\\/#\\\/schema\\\/logo\\\/image\\\/\",\"url\":\"https:\\\/\\\/welovevent.com\\\/wp-content\\\/uploads\\\/2025\\\/09\\\/Welovevent-we-create-stories-2-e1762509679865.png\",\"contentUrl\":\"https:\\\/\\\/welovevent.com\\\/wp-content\\\/uploads\\\/2025\\\/09\\\/Welovevent-we-create-stories-2-e1762509679865.png\",\"width\":1000,\"height\":252,\"caption\":\"welovevent.com\"},\"image\":{\"@id\":\"https:\\\/\\\/welovevent.com\\\/#\\\/schema\\\/logo\\\/image\\\/\"}}]}<\/script>\n<!-- \/ Yoast SEO Premium plugin. -->","yoast_head_json":{"title":"Adatv\u00e9delmi ir\u00e1nyelvek - welovevent.com","robots":{"index":"index","follow":"follow","max-snippet":"max-snippet:-1","max-image-preview":"max-image-preview:large","max-video-preview":"max-video-preview:-1"},"canonical":"https:\/\/welovevent.com\/en\/adatvedelmi-iranyelvek\/","og_locale":"en_GB","og_type":"article","og_title":"Adatv\u00e9delmi ir\u00e1nyelvek","og_description":"Hat\u00e1lyos: 2025.10.30 Adatkezel\u0151: C\u00e9gn\u00e9v: Zenit Project Management Bt. Sz\u00e9khely: 1154 Budapest, B\u00e1nk\u00fat u. 23. E-mail: hello@welovevent.com Telefon: +36 70 424 43 89 \u00a0 1. Az adatkezel\u00e9s c\u00e9lja kapcsolatfelv\u00e9tel \u00e9s aj\u00e1nlatad\u00e1s, szerz\u0151d\u00e9sk\u00f6t\u00e9s \u00e9s teljes\u00edt\u00e9s, rendezv\u00e9nyszervez\u00e9si adminisztr\u00e1ci\u00f3, h\u00edrlev\u00e9lk\u00fcld\u00e9s (hozz\u00e1j\u00e1rul\u00e1s eset\u00e9n). 2. Kezelt adatok k\u00f6re N\u00e9v, e-mail c\u00edm, telefonsz\u00e1m, c\u00e9gn\u00e9v, sz\u00e1ml\u00e1z\u00e1si adatok, valamint az esem\u00e9nyre vonatkoz\u00f3 inform\u00e1ci\u00f3k. \u00a0...","og_url":"https:\/\/welovevent.com\/en\/adatvedelmi-iranyelvek\/","og_site_name":"welovevent.com","article_modified_time":"2025-11-06T09:47:54+00:00","twitter_card":"summary_large_image","twitter_misc":{"Estimated reading time":"1 minute"},"schema":{"@context":"https:\/\/schema.org","@graph":[{"@type":"WebPage","@id":"https:\/\/welovevent.com\/adatvedelmi-iranyelvek\/","url":"https:\/\/welovevent.com\/adatvedelmi-iranyelvek\/","name":"Adatv\u00e9delmi ir\u00e1nyelvek - welovevent.com","isPartOf":{"@id":"https:\/\/welovevent.com\/#website"},"datePublished":"2025-03-19T16:22:00+00:00","dateModified":"2025-11-06T09:47:54+00:00","breadcrumb":{"@id":"https:\/\/welovevent.com\/adatvedelmi-iranyelvek\/#breadcrumb"},"inLanguage":"en-GB","potentialAction":[{"@type":"ReadAction","target":["https:\/\/welovevent.com\/adatvedelmi-iranyelvek\/"]}]},{"@type":"BreadcrumbList","@id":"https:\/\/welovevent.com\/adatvedelmi-iranyelvek\/#breadcrumb","itemListElement":[{"@type":"ListItem","position":1,"name":"Home","item":"https:\/\/welovevent.com\/"},{"@type":"ListItem","position":2,"name":"Adatv\u00e9delmi ir\u00e1nyelvek"}]},{"@type":"WebSite","@id":"https:\/\/welovevent.com\/#website","url":"https:\/\/welovevent.com\/","name":"welovevent.com","description":"","publisher":{"@id":"https:\/\/welovevent.com\/#organization"},"potentialAction":[{"@type":"SearchAction","target":{"@type":"EntryPoint","urlTemplate":"https:\/\/welovevent.com\/?s={search_term_string}"},"query-input":{"@type":"PropertyValueSpecification","valueRequired":true,"valueName":"search_term_string"}}],"inLanguage":"en-GB"},{"@type":"Organization","@id":"https:\/\/welovevent.com\/#organization","name":"welovevent.com","url":"https:\/\/welovevent.com\/","logo":{"@type":"ImageObject","inLanguage":"en-GB","@id":"https:\/\/welovevent.com\/#\/schema\/logo\/image\/","url":"https:\/\/welovevent.com\/wp-content\/uploads\/2025\/09\/Welovevent-we-create-stories-2-e1762509679865.png","contentUrl":"https:\/\/welovevent.com\/wp-content\/uploads\/2025\/09\/Welovevent-we-create-stories-2-e1762509679865.png","width":1000,"height":252,"caption":"welovevent.com"},"image":{"@id":"https:\/\/welovevent.com\/#\/schema\/logo\/image\/"}}]}},"_links":{"self":[{"href":"https:\/\/welovevent.com\/en\/wp-json\/wp\/v2\/pages\/3","targetHints":{"allow":["GET"]}}],"collection":[{"href":"https:\/\/welovevent.com\/en\/wp-json\/wp\/v2\/pages"}],"about":[{"href":"https:\/\/welovevent.com\/en\/wp-json\/wp\/v2\/types\/page"}],"author":[{"embeddable":true,"href":"https:\/\/welovevent.com\/en\/wp-json\/wp\/v2\/users\/1"}],"replies":[{"embeddable":true,"href":"https:\/\/welovevent.com\/en\/wp-json\/wp\/v2\/comments?post=3"}],"version-history":[{"count":15,"href":"https:\/\/welovevent.com\/en\/wp-json\/wp\/v2\/pages\/3\/revisions"}],"predecessor-version":[{"id":2635,"href":"https:\/\/welovevent.com\/en\/wp-json\/wp\/v2\/pages\/3\/revisions\/2635"}],"wp:attachment":[{"href":"https:\/\/welovevent.com\/en\/wp-json\/wp\/v2\/media?parent=3"}],"curies":[{"name":"wp","href":"https:\/\/api.w.org\/{rel}","templated":true}]}}